{"id":16,"date":"2019-04-01T10:12:48","date_gmt":"2019-04-01T10:12:48","guid":{"rendered":"http:\/\/agronomia-witzenhausen.de\/?page_id=16"},"modified":"2019-07-31T16:27:01","modified_gmt":"2019-07-31T16:27:01","slug":"geschichte","status":"publish","type":"page","link":"https:\/\/agronomia-witzenhausen.de\/?page_id=16","title":{"rendered":"Geschichte"},"content":{"rendered":"\n<p>Eine lange, lebendige Tradition bildet den\nKern der Agronomia Cassel-Wolfsanger zu Witzenhausen-Bernburg e.V.. <\/p>\n\n\n\n<p>Im Oktober 1921 wurde die H\u00f6here Lehranstalt\nf\u00fcr Landwirte in Cassel-Wolfsanger gegr\u00fcndet. W\u00e4hrend des ersten Lehrgangs\nwurde die Agronomia als \u201eVereinigung studierender Landwirte\u201c gegr\u00fcndet. Nach\ndem Krieg wurde die H\u00f6here Landbauschule nach Witzenhausen verlegt, in eine\nIngenieurschule umgewandelt und 1971 in die Gesamthochschule Kassel\neingegliedert. Aus dem Absolventen-Verband wurde eine Studentenverbindung.<\/p>\n\n\n\n<p>In den 2000er Jahren erfolgte die Umstellung\nder Ausbildung auf \u201e\u00f6kologische Landwirtschaft\u201c. Die damit verbundenen\nVer\u00e4nderungen haben dazu gef\u00fchrt, dass die Agronomia nach Bernburg umgezogen\nist.<\/p>\n\n\n\n<p>2013 hat die Agronomia Cassel-Wolfsanger zu Witzenhausen und Bernburg das Grundst\u00fcck vom Land Sachsen Anhalt erworben, um ein Heim f\u00fcr die aktiven Studenten in Bernburg zu schaffen. 2015 wurde das ehemalige Pf\u00f6rtnerhaus, das nach einer wechselvollen Vergangenheit zuletzt als Lager diente und zunehmend verfiel, abgerissen und das jetzige Bundesheim der Agronomia errichtet.<\/p>\n","protected":false},"excerpt":{"rendered":"<p>Eine lange, lebendige Tradition bildet den Kern der Agronomia Cassel-Wolfsanger zu Witzenhausen-Bernburg e.V.. Im Oktober 1921 wurde die H\u00f6here Lehranstalt f\u00fcr Landwirte in Cassel-Wolfsanger gegr\u00fcndet. W\u00e4hrend des ersten Lehrgangs wurde die Agronomia als \u201eVereinigung studierender Landwirte\u201c gegr\u00fcndet. Nach dem Krieg wurde die H\u00f6here Landbauschule nach Witzenhausen verlegt, in eine Ingenieurschule umgewandelt und 1971 in die [&hellip;]<\/p>\n","protected":false},"author":1,"featured_media":0,"parent":0,"menu_order":0,"comment_status":"closed","ping_status":"closed","template":"","meta":{"spay_email":"","footnotes":""},"class_list":["post-16","page","type-page","status-publish","hentry"],"_links":{"self":[{"href":"https:\/\/agronomia-witzenhausen.de\/index.php?rest_route=\/wp\/v2\/pages\/16","targetHints":{"allow":["GET"]}}],"collection":[{"href":"https:\/\/agronomia-witzenhausen.de\/index.php?rest_route=\/wp\/v2\/pages"}],"about":[{"href":"https:\/\/agronomia-witzenhausen.de\/index.php?rest_route=\/wp\/v2\/types\/page"}],"author":[{"embeddable":true,"href":"https:\/\/agronomia-witzenhausen.de\/index.php?rest_route=\/wp\/v2\/users\/1"}],"replies":[{"embeddable":true,"href":"https:\/\/agronomia-witzenhausen.de\/index.php?rest_route=%2Fwp%2Fv2%2Fcomments&post=16"}],"version-history":[{"count":2,"href":"https:\/\/agronomia-witzenhausen.de\/index.php?rest_route=\/wp\/v2\/pages\/16\/revisions"}],"predecessor-version":[{"id":152,"href":"https:\/\/agronomia-witzenhausen.de\/index.php?rest_route=\/wp\/v2\/pages\/16\/revisions\/152"}],"wp:attachment":[{"href":"https:\/\/agronomia-witzenhausen.de\/index.php?rest_route=%2Fwp%2Fv2%2Fmedia&parent=16"}],"curies":[{"name":"wp","href":"https:\/\/api.w.org\/{rel}","templated":true}]}}