{"id":163,"date":"2019-07-31T18:05:50","date_gmt":"2019-07-31T18:05:50","guid":{"rendered":"http:\/\/agronomia-witzenhausen.de\/?page_id=163"},"modified":"2026-02-24T19:36:00","modified_gmt":"2026-02-24T19:36:00","slug":"der-altherrenverband","status":"publish","type":"page","link":"https:\/\/agronomia-witzenhausen.de\/?page_id=163","title":{"rendered":"Altherrenverband"},"content":{"rendered":"<p><!--StartFragment--><\/p>\n\n\n<h2 class=\"wp-block-heading\">Der Altherrenverband<\/h2>\n\n\n\n<p>Mit der erfolgreichen Beendigung des Studiums erfolgt die Aufnahme &nbsp;in den Altherrenverband. Dessen Ziel ist es, den aktiven Studenten R\u00fcckhalt und F\u00f6rderung zu bieten, z.B. bei der Suche nach Informationen, einem Praktikum oder bei der Arbeitssuche. <\/p>\n\n\n\n<p>Auch im sp\u00e4teren Berufsleben stellt das gro\u00dfe Netzwerk (ca. 350 Mitglieder) die Basis f\u00fcr fachlichen Austausch und gegenseitige Unterst\u00fctzung dar. Dar\u00fcber hinaus bieten regelm\u00e4\u00dfige Veranstaltungen viele M\u00f6glichkeiten zu fachlichem oder privatem Miteinander.<\/p>\n\n\n\n<p>Kontakt: <a href=\"mailto:altherrenverband@agronomia-bernburg.de\">altherrenverband@agronomia-bernburg.de<\/a><\/p>\n\n\n\n<p>Der Vorstand des Altherrenverbandes:<\/p>\n\n\n\n<figure class=\"wp-block-table\"><table><tbody><tr><td>X<br>XX<br>XXX<br>KW<\/td><td>Michael Weerth<br>Florian H\u00fcnermund<br>Sophia M\u00f6bus<br>Maria Kopka<\/td><\/tr><\/tbody><\/table><\/figure>\n","protected":false},"excerpt":{"rendered":"<p>Der Altherrenverband Mit der erfolgreichen Beendigung des Studiums erfolgt die Aufnahme &nbsp;in den Altherrenverband. Dessen Ziel ist es, den aktiven Studenten R\u00fcckhalt und F\u00f6rderung zu bieten, z.B. bei der Suche nach Informationen, einem Praktikum oder bei der Arbeitssuche. Auch im sp\u00e4teren Berufsleben stellt das gro\u00dfe Netzwerk (ca. 350 Mitglieder) die Basis f\u00fcr fachlichen Austausch und [&hellip;]<\/p>\n","protected":false},"author":2,"featured_media":303,"parent":0,"menu_order":0,"comment_status":"closed","ping_status":"closed","template":"","meta":{"spay_email":"","footnotes":""},"class_list":["post-163","page","type-page","status-publish","has-post-thumbnail","hentry"],"_links":{"self":[{"href":"https:\/\/agronomia-witzenhausen.de\/index.php?rest_route=\/wp\/v2\/pages\/163","targetHints":{"allow":["GET"]}}],"collection":[{"href":"https:\/\/agronomia-witzenhausen.de\/index.php?rest_route=\/wp\/v2\/pages"}],"about":[{"href":"https:\/\/agronomia-witzenhausen.de\/index.php?rest_route=\/wp\/v2\/types\/page"}],"author":[{"embeddable":true,"href":"https:\/\/agronomia-witzenhausen.de\/index.php?rest_route=\/wp\/v2\/users\/2"}],"replies":[{"embeddable":true,"href":"https:\/\/agronomia-witzenhausen.de\/index.php?rest_route=%2Fwp%2Fv2%2Fcomments&post=163"}],"version-history":[{"count":19,"href":"https:\/\/agronomia-witzenhausen.de\/index.php?rest_route=\/wp\/v2\/pages\/163\/revisions"}],"predecessor-version":[{"id":679,"href":"https:\/\/agronomia-witzenhausen.de\/index.php?rest_route=\/wp\/v2\/pages\/163\/revisions\/679"}],"wp:featuredmedia":[{"embeddable":true,"href":"https:\/\/agronomia-witzenhausen.de\/index.php?rest_route=\/wp\/v2\/media\/303"}],"wp:attachment":[{"href":"https:\/\/agronomia-witzenhausen.de\/index.php?rest_route=%2Fwp%2Fv2%2Fmedia&parent=163"}],"curies":[{"name":"wp","href":"https:\/\/api.w.org\/{rel}","templated":true}]}}