{"id":18,"date":"2019-04-01T10:13:03","date_gmt":"2019-04-01T10:13:03","guid":{"rendered":"http:\/\/agronomia-witzenhausen.de\/?page_id=18"},"modified":"2026-03-30T18:35:27","modified_gmt":"2026-03-30T18:35:27","slug":"veranstaltungen","status":"publish","type":"page","link":"https:\/\/agronomia-witzenhausen.de\/?page_id=18","title":{"rendered":"Veranstaltungen"},"content":{"rendered":"\n<p><strong>Das Semesterprogramm f\u00fcr das Sommersemester 2026 bietet folgende Veranstaltungen<\/strong>:<\/p>\n\n\n\n<p><\/p>\n\n\n\n<p><strong>Semesterantrittskneipe am 08.04.26 auf dem Bundeshaus<\/strong><br>Wir starten das Semester mit unserer Antrittskneipe am 08.04.26 auf unserem Bundeshaus. Die Veranstaltung beginnt um 19:00 Uhr hst. Wir freuen uns \u00fcber zahlreiche G\u00e4ste. F\u00fcr die bessere Planung bez\u00fcglich des Abendessen, bitten wir um vorige Anmeldung bei Vorstand der Aktivitas.<\/p>\n\n\n\n<p><strong>140. Stiftungsfest der GV Rhenania zu Geisenheim<\/strong> <strong>vom 14 bis 17.05. 26<\/strong><br>Unsere Schwesterverbindung feiert in diesem Jahr ihr 140 j\u00e4hriges bestehen. Dem zum Anlass wollen wir mit entsprechend mitfeiern und freuen uns \u00fcber jeden der sich anschlie\u00dfen m\u00f6chte. Gerne k\u00f6nnen auch Fahrgemeinschaften ab Bernburg gebildet werden.<\/p>\n\n\n\n<p><strong>121. Stiftungsfest der TV Bauh\u00fctte zu Kassel<\/strong> a<strong>m 22. bis 24.05.26<\/strong><br>Unsere Freunde der TV Bauh\u00fctte zu Kassel laden uns und alle interessierten zu ihrem diesj\u00e4hrigen Stiftungsfest ein. Weitere Informationen sind auf der Website der TV Bauh\u00fctte zu finden. <\/p>\n\n\n\n<p><strong>Semesterexkneipe am 10.06.26  <\/strong><br>zum Abschluss des Semesters, begehen wir am 10.06.26 unsere Semesterexkneipe. Die Veranstaltung findet um 19.00 Uhr hst auf dem Bundeshaus statt. Wir laden alle interessierten G\u00e4ste recht herzlich ein. Um Voranmeldung im Sinne der Abendplanung wird gebeten.<\/p>\n\n\n\n<p><strong>AH-Grillen am 13.06.26<\/strong><br>Unser diesj\u00e4hriges AH-Grillen findet bei Bundesbruder Herbet Sch\u00fctte in Northeim OT Hollenstedt statt. Wir laden alle Agronomen ein und freuen uns um rege Teilnahme. Weitere Informationen folgen demn\u00e4chst.<\/p>\n\n\n\n<p><\/p>\n\n\n\n<p><strong>DLG-Feldtage vom 16. bis 18.06. 26<\/strong><br>Die DLG Feldtage finden in diesem Jahr in Bernburg auf dem Gel\u00e4nde des Internationalen Pflanzenbauzentrums der DLG statt. Dieses befindet sich in unmittelbarer Nachbarschaft zum Bundesheim. Dementsprechend \u00f6ffnen wir jeden Abend nach Abschluss des Messetages unsere Pforten f\u00fcr alle G\u00e4ste. Wir freuen uns darauf mit euch den spannenden Messetag ausklingen zu lassen. <\/p>\n\n\n\n<p><\/p>\n\n\n\n<p>Soweit nicht anders bekannt gegeben, finden alle Veranstaltungen in unserem <strong>Bundeshaus<\/strong><br><strong>in<\/strong> <strong>06406 Bernburg, Strenzfelder Allee 1<\/strong>, statt. Es wird um Anmeldung bei der Aktivitas gebeten, gerne per mail unter <a href=\"mailto:aktivitas@agronomia-bernburg.de\">aktivitas.agronomia-bernburg@web.de<\/a><br>oder telefonisch beim X der Aktivitas Nina Schm\u00fccking unter 0176 52437785<br><br>W\u00e4hrend des Semesters finden <strong>Dienstags um 19:30 Uhr<\/strong> regelm\u00e4\u00dfig <strong>Burschenconvente<\/strong> statt, zu denen wir keine G\u00e4ste begr\u00fc\u00dfen. Ab 20:30 Uhr ist das Haus aber f\u00fcr alle Interessierten und G\u00e4ste ge\u00f6ffnet.<\/p>\n\n\n\n<hr class=\"wp-block-separator has-css-opacity\"\/>\n\n\n\n<p>Alle Studenten, die sich zum Studium austauschen m\u00f6chten oder Unterst\u00fctzung in einzelnen Fachbereichen suchen, sind herzlich eingeladen Kontakt mit unserer Aktivitas aufzunehmen. Durch unseren F\u00f6rderverein dem Freundeskreis der Agronomia, wollen wir mit unserem Haus einen Raum zur Verf\u00fcgung stellen, der zum Lernen und Austausch dient. Des Weiteren bieten wir auch regelm\u00e4\u00dfig interessante Fachvortr\u00e4ge in Studienrelevanten F\u00e4chern auf dem Haus an. <\/p>\n\n\n\n<p><br><\/p>\n\n\n\n<p><\/p>\n\n\n\n<p><br><\/p>\n","protected":false},"excerpt":{"rendered":"<p>Das Semesterprogramm f\u00fcr das Sommersemester 2026 bietet folgende Veranstaltungen: Semesterantrittskneipe am 08.04.26 auf dem BundeshausWir starten das Semester mit unserer Antrittskneipe am 08.04.26 auf unserem Bundeshaus. Die Veranstaltung beginnt um 19:00 Uhr hst. Wir freuen uns \u00fcber zahlreiche G\u00e4ste. F\u00fcr die bessere Planung bez\u00fcglich des Abendessen, bitten wir um vorige Anmeldung bei Vorstand der Aktivitas. [&hellip;]<\/p>\n","protected":false},"author":1,"featured_media":0,"parent":0,"menu_order":0,"comment_status":"closed","ping_status":"closed","template":"","meta":{"spay_email":"","footnotes":""},"class_list":["post-18","page","type-page","status-publish","hentry"],"_links":{"self":[{"href":"https:\/\/agronomia-witzenhausen.de\/index.php?rest_route=\/wp\/v2\/pages\/18","targetHints":{"allow":["GET"]}}],"collection":[{"href":"https:\/\/agronomia-witzenhausen.de\/index.php?rest_route=\/wp\/v2\/pages"}],"about":[{"href":"https:\/\/agronomia-witzenhausen.de\/index.php?rest_route=\/wp\/v2\/types\/page"}],"author":[{"embeddable":true,"href":"https:\/\/agronomia-witzenhausen.de\/index.php?rest_route=\/wp\/v2\/users\/1"}],"replies":[{"embeddable":true,"href":"https:\/\/agronomia-witzenhausen.de\/index.php?rest_route=%2Fwp%2Fv2%2Fcomments&post=18"}],"version-history":[{"count":103,"href":"https:\/\/agronomia-witzenhausen.de\/index.php?rest_route=\/wp\/v2\/pages\/18\/revisions"}],"predecessor-version":[{"id":684,"href":"https:\/\/agronomia-witzenhausen.de\/index.php?rest_route=\/wp\/v2\/pages\/18\/revisions\/684"}],"wp:attachment":[{"href":"https:\/\/agronomia-witzenhausen.de\/index.php?rest_route=%2Fwp%2Fv2%2Fmedia&parent=18"}],"curies":[{"name":"wp","href":"https:\/\/api.w.org\/{rel}","templated":true}]}}