{"id":2,"date":"2016-05-10T03:48:21","date_gmt":"2016-05-10T03:48:21","guid":{"rendered":"http:\/\/agronomia-witzenhausen.de\/?page_id=2"},"modified":"2019-09-15T14:00:36","modified_gmt":"2019-09-15T14:00:36","slug":"sample-page","status":"publish","type":"page","link":"https:\/\/agronomia-witzenhausen.de\/","title":{"rendered":"Agronomia sei\u2019s Panier!"},"content":{"rendered":"<div class=\"elementor-element elementor-element-1f206c5 elementor-widget elementor-widget-text-editor\" data-id=\"1f206c5\" data-element_type=\"text-editor.default\">\n<div class=\"elementor-widget-container\">\n<div class=\"elementor-text-editor elementor-clearfix\">\n<p style=\"text-align: center;\">\u00a0Herzlich willkommen auf den Seiten der Agronomia Cassel-Wolfsanger zu Witzenhausen und Bernburg!<\/p>\n<p style=\"text-align: center;\">Wir sind eine nicht schlagende, politisch und religi\u00f6s unabh\u00e4ngige Studentenverbindung im Herzen Deutschlands. Unsere Farben sind gr\u00fcn-wei\u00df-gold, und unser Wahlspruch lautet \u201eKameradschaft, Ehre, Vaterland\u201c.<\/p>\n<\/div>\n<\/div>\n<\/div>\n","protected":false},"excerpt":{"rendered":"<p>\u00a0Herzlich willkommen auf den Seiten der Agronomia Cassel-Wolfsanger zu Witzenhausen und Bernburg! Wir sind eine nicht schlagende, politisch und religi\u00f6s unabh\u00e4ngige Studentenverbindung im Herzen Deutschlands. Unsere Farben sind gr\u00fcn-wei\u00df-gold, und unser Wahlspruch lautet \u201eKameradschaft, Ehre, Vaterland\u201c.<\/p>\n","protected":false},"author":1,"featured_media":0,"parent":0,"menu_order":0,"comment_status":"closed","ping_status":"open","template":"","meta":{"spay_email":"","footnotes":""},"class_list":["post-2","page","type-page","status-publish","hentry"],"_links":{"self":[{"href":"https:\/\/agronomia-witzenhausen.de\/index.php?rest_route=\/wp\/v2\/pages\/2","targetHints":{"allow":["GET"]}}],"collection":[{"href":"https:\/\/agronomia-witzenhausen.de\/index.php?rest_route=\/wp\/v2\/pages"}],"about":[{"href":"https:\/\/agronomia-witzenhausen.de\/index.php?rest_route=\/wp\/v2\/types\/page"}],"author":[{"embeddable":true,"href":"https:\/\/agronomia-witzenhausen.de\/index.php?rest_route=\/wp\/v2\/users\/1"}],"replies":[{"embeddable":true,"href":"https:\/\/agronomia-witzenhausen.de\/index.php?rest_route=%2Fwp%2Fv2%2Fcomments&post=2"}],"version-history":[{"count":11,"href":"https:\/\/agronomia-witzenhausen.de\/index.php?rest_route=\/wp\/v2\/pages\/2\/revisions"}],"predecessor-version":[{"id":250,"href":"https:\/\/agronomia-witzenhausen.de\/index.php?rest_route=\/wp\/v2\/pages\/2\/revisions\/250"}],"wp:attachment":[{"href":"https:\/\/agronomia-witzenhausen.de\/index.php?rest_route=%2Fwp%2Fv2%2Fmedia&parent=2"}],"curies":[{"name":"wp","href":"https:\/\/api.w.org\/{rel}","templated":true}]}}