{"id":24,"date":"2019-04-01T10:13:38","date_gmt":"2019-04-01T10:13:38","guid":{"rendered":"http:\/\/agronomia-witzenhausen.de\/?page_id=24"},"modified":"2026-02-24T19:31:43","modified_gmt":"2026-02-24T19:31:43","slug":"mitglied-werden","status":"publish","type":"page","link":"https:\/\/agronomia-witzenhausen.de\/?page_id=24","title":{"rendered":"Aktivitas"},"content":{"rendered":"\n<p>Aktives Mitglied der Agronomia Cassel-Wolfsanger zu Witzenhausen und Bernburg kann jeder eingeschriebene Student der Hochschule Anhalt werden. Trotz der landwirtschaftlichen Basis sind aktive Mitglieder aus anderen Studieng\u00e4ngen herzlich willkommen.<\/p>\n\n\n\n<p>Als Gemeinschaft von Studierenden wollen die Aktiven\ndie Zusammengeh\u00f6rigkeit \u00fcber die reinen Lernziele hinaus f\u00f6rdern und pflegen.\nDie Studienzeit durch gemeinsames Lernen und Feiern als pr\u00e4gend zu gestalten ist ein wichtiges Ziel der\nAktivitas. <\/p>\n\n\n\n<p>Wer also Lust und Freude an einer solchen Gemeinschaft\nhat, <\/p>\n\n\n\n<ul class=\"wp-block-list\">\n<li>aufgeschlossen und tolerant ist und bereit, sich zu engagieren <\/li>\n\n\n\n<li>Freundschaft sucht, die \u00fcber die Studienzeit hinaus verbinden soll <\/li>\n\n\n\n<li>das Studentenleben im Agronomenhaus mit regelm\u00e4\u00dfigen Veranstaltungen, Vortr\u00e4gen (fachlich und allgemein), lustigen Festen, Gespr\u00e4chen, Ausfl\u00fcgen, Besichtigungen und vielem mehr erleben will,<\/li>\n<\/ul>\n\n\n\n<p> der ist bei uns richtig aufgehoben. <\/p>\n\n\n\n<hr class=\"wp-block-separator has-css-opacity\"\/>\n\n\n\n<p>F\u00fcr ein Semester sind die j\u00fcngsten Mitglieder zun\u00e4chst \u201eAzubis\u201c oder wie es bei uns &nbsp;hei\u00dft: \u201e<em>F\u00fcxe\u201c<\/em>. In gem\u00fctlicher Runde wird alles Wissenswerte rund um die Agronomia, das Verbindungswesen und unsere Werte vermittelt. In dieser Zeit haben beiden Seiten die M\u00f6glichkeit, sich genauer kennen zu lernen. Das Fuxensemester endet mit der Burschung und der Aufnahme in die Aktivitas. <\/p>\n\n\n\n<p><\/p>\n\n\n\n<p><strong>Studienberatung mit der Agronomia<\/strong><br>Alle Studenten und die welche es noch werden wollen, k\u00f6nnen jeden Montag ab 18:00 Uhr ins Verbindungshaus kommen, um sich \u00fcber das Studium auszutauschen. Dabei soll es um gegenseitige Hilfe im Studium gehen, vor allem Vorlesungsstoff und Klausurvorbereitung. Au\u00dferdem soll f\u00fcr alle Studenten die M\u00f6glichkeit gegeben werden, sich Kennenzulernen und Kontakt zu pflegen. Der F\u00f6rderverein &#8222;Freundeskreis der Agronomia&#8220; stellt hierf\u00fcr das Haus als Raum und entsprechende Technik zur Verf\u00fcgung.<\/p>\n\n\n\n<p>Regelm\u00e4\u00dfig finden Interessante Vortr\u00e4ge aus den Fachbereichen der Hochschule auf unserem Bundeshaus statt. Wir laden dazu alle Studierenden herzlich ein und freuen uns \u00fcber viele interessierte Besucher. Anstehende Vortr\u00e4ge werden unter Veranstaltungen angek\u00fcndigt. <\/p>\n\n\n\n<p><\/p>\n\n\n\n<p>Kontakt: <br>Mail: <a href=\"mailto:aktivitas@agronomia-bernburg.de\">aktivitas.agronomia-bernburg@web.de<\/a><br><br><\/p>\n\n\n\n<p><strong>Vorstand der Aktivitas:<\/strong><\/p>\n\n\n\n<p class=\"has-text-align-left\">X Lorenz al. Aquila<br>XX Dario al. Baccus<br>XXX Anna-Lena al. K\u00f6rnchen<br>FM Sebastian al. Pluto<br>KW Ellen al. Epona<br>MW Nelly al. Aurelia<\/p>\n\n\n\n<p class=\"has-text-align-left\"><\/p>\n\n\n\n<p><\/p>\n\n\n\n<p><\/p>\n\n\n\n<p><\/p>\n","protected":false},"excerpt":{"rendered":"<p>Aktives Mitglied der Agronomia Cassel-Wolfsanger zu Witzenhausen und Bernburg kann jeder eingeschriebene Student der Hochschule Anhalt werden. Trotz der landwirtschaftlichen Basis sind aktive Mitglieder aus anderen Studieng\u00e4ngen herzlich willkommen. Als Gemeinschaft von Studierenden wollen die Aktiven die Zusammengeh\u00f6rigkeit \u00fcber die reinen Lernziele hinaus f\u00f6rdern und pflegen. Die Studienzeit durch gemeinsames Lernen und Feiern als pr\u00e4gend [&hellip;]<\/p>\n","protected":false},"author":1,"featured_media":365,"parent":0,"menu_order":0,"comment_status":"closed","ping_status":"closed","template":"","meta":{"spay_email":"","footnotes":""},"class_list":["post-24","page","type-page","status-publish","has-post-thumbnail","hentry"],"_links":{"self":[{"href":"https:\/\/agronomia-witzenhausen.de\/index.php?rest_route=\/wp\/v2\/pages\/24","targetHints":{"allow":["GET"]}}],"collection":[{"href":"https:\/\/agronomia-witzenhausen.de\/index.php?rest_route=\/wp\/v2\/pages"}],"about":[{"href":"https:\/\/agronomia-witzenhausen.de\/index.php?rest_route=\/wp\/v2\/types\/page"}],"author":[{"embeddable":true,"href":"https:\/\/agronomia-witzenhausen.de\/index.php?rest_route=\/wp\/v2\/users\/1"}],"replies":[{"embeddable":true,"href":"https:\/\/agronomia-witzenhausen.de\/index.php?rest_route=%2Fwp%2Fv2%2Fcomments&post=24"}],"version-history":[{"count":38,"href":"https:\/\/agronomia-witzenhausen.de\/index.php?rest_route=\/wp\/v2\/pages\/24\/revisions"}],"predecessor-version":[{"id":675,"href":"https:\/\/agronomia-witzenhausen.de\/index.php?rest_route=\/wp\/v2\/pages\/24\/revisions\/675"}],"wp:featuredmedia":[{"embeddable":true,"href":"https:\/\/agronomia-witzenhausen.de\/index.php?rest_route=\/wp\/v2\/media\/365"}],"wp:attachment":[{"href":"https:\/\/agronomia-witzenhausen.de\/index.php?rest_route=%2Fwp%2Fv2%2Fmedia&parent=24"}],"curies":[{"name":"wp","href":"https:\/\/api.w.org\/{rel}","templated":true}]}}