{"id":393,"date":"2020-05-05T19:15:45","date_gmt":"2020-05-05T19:15:45","guid":{"rendered":"http:\/\/agronomia-witzenhausen.de\/?page_id=393"},"modified":"2026-02-24T19:38:04","modified_gmt":"2026-02-24T19:38:04","slug":"aktuelles","status":"publish","type":"page","link":"https:\/\/agronomia-witzenhausen.de\/?page_id=393","title":{"rendered":"Aktuelles"},"content":{"rendered":"\n<p><\/p>\n\n\n\n<p><strong>Vorstandswahlen des Altherrenverbandes<\/strong><br>Der Vorstand f\u00fcr den Altherrenverband wurde auf dem diesj\u00e4hrigen Stiftungsfest neu gew\u00e4hlt. Die Positionen sind im Bereich Altherrenverband einzusehen. <\/p>\n\n\n\n<p><\/p>\n\n\n\n<p><strong>Vorstandswahlen der Aktivitas<\/strong> <br>Die Aktivitas hat f\u00fcr das Sommersemester 2026 einen neuen Vorstand gew\u00e4hlt. Die aktuelle Besetzung ist unter dem Reiter Aktivitas einzusehen.<\/p>\n\n\n\n<p><br><br><\/p>\n\n\n\n<p><strong>Einladung zur Studienberatung und Kontaktkn\u00fcpfung<\/strong><br>Der Freundeskreis der Agronomia l\u00e4dt alle neuen Studenten und interessierten ein, um \u00fcber die Aktivitas Erfahrungen zum Studium auszutauschen. Genauere Information dazu finden sich unter Aktivitas.<\/p>\n\n\n\n<p><\/p>\n\n\n\n<p><\/p>\n","protected":false},"excerpt":{"rendered":"<p>Vorstandswahlen des AltherrenverbandesDer Vorstand f\u00fcr den Altherrenverband wurde auf dem diesj\u00e4hrigen Stiftungsfest neu gew\u00e4hlt. Die Positionen sind im Bereich Altherrenverband einzusehen. Vorstandswahlen der Aktivitas Die Aktivitas hat f\u00fcr das Sommersemester 2026 einen neuen Vorstand gew\u00e4hlt. Die aktuelle Besetzung ist unter dem Reiter Aktivitas einzusehen. Einladung zur Studienberatung und Kontaktkn\u00fcpfungDer Freundeskreis der Agronomia l\u00e4dt alle neuen [&hellip;]<\/p>\n","protected":false},"author":2,"featured_media":0,"parent":0,"menu_order":0,"comment_status":"closed","ping_status":"closed","template":"","meta":{"spay_email":"","footnotes":""},"class_list":["post-393","page","type-page","status-publish","hentry"],"_links":{"self":[{"href":"https:\/\/agronomia-witzenhausen.de\/index.php?rest_route=\/wp\/v2\/pages\/393","targetHints":{"allow":["GET"]}}],"collection":[{"href":"https:\/\/agronomia-witzenhausen.de\/index.php?rest_route=\/wp\/v2\/pages"}],"about":[{"href":"https:\/\/agronomia-witzenhausen.de\/index.php?rest_route=\/wp\/v2\/types\/page"}],"author":[{"embeddable":true,"href":"https:\/\/agronomia-witzenhausen.de\/index.php?rest_route=\/wp\/v2\/users\/2"}],"replies":[{"embeddable":true,"href":"https:\/\/agronomia-witzenhausen.de\/index.php?rest_route=%2Fwp%2Fv2%2Fcomments&post=393"}],"version-history":[{"count":53,"href":"https:\/\/agronomia-witzenhausen.de\/index.php?rest_route=\/wp\/v2\/pages\/393\/revisions"}],"predecessor-version":[{"id":681,"href":"https:\/\/agronomia-witzenhausen.de\/index.php?rest_route=\/wp\/v2\/pages\/393\/revisions\/681"}],"wp:attachment":[{"href":"https:\/\/agronomia-witzenhausen.de\/index.php?rest_route=%2Fwp%2Fv2%2Fmedia&parent=393"}],"curies":[{"name":"wp","href":"https:\/\/api.w.org\/{rel}","templated":true}]}}